{"id":10297,"date":"2022-04-08T14:53:10","date_gmt":"2022-04-08T14:53:10","guid":{"rendered":"https:\/\/www.risoflora.it\/privacy-cookie-policy\/"},"modified":"2022-04-08T14:53:10","modified_gmt":"2022-04-08T14:53:10","slug":"privacy-cookie-policy","status":"publish","type":"page","link":"https:\/\/www.risoflora.it\/en\/privacy-cookie-policy\/","title":{"rendered":"PRIVACY &#038; COOKIE POLICY"},"content":{"rendered":"\t\t<div data-elementor-type=\"wp-page\" data-elementor-id=\"10297\" class=\"elementor elementor-10297 elementor-6793\" data-elementor-post-type=\"page\">\n\t\t\t\t\t\t<section data-particle_enable=\"false\" data-particle-mobile-disabled=\"false\" class=\"elementor-section elementor-top-section elementor-element elementor-element-01a5613 elementor-section-boxed elementor-section-height-default elementor-section-height-default\" data-id=\"01a5613\" data-element_type=\"section\" data-settings=\"{&quot;jet_parallax_layout_list&quot;:[]}\">\n\t\t\t\t\t\t<div class=\"elementor-container elementor-column-gap-default\">\n\t\t\t\t\t<div class=\"elementor-column elementor-col-100 elementor-top-column elementor-element elementor-element-c1aa911\" data-id=\"c1aa911\" data-element_type=\"column\">\n\t\t\t<div class=\"elementor-widget-wrap elementor-element-populated\">\n\t\t\t\t\t\t<div class=\"elementor-element elementor-element-76770d6 elementor-widget elementor-widget-text-editor\" data-id=\"76770d6\" data-element_type=\"widget\" data-widget_type=\"text-editor.default\">\n\t\t\t\t<div class=\"elementor-widget-container\">\n\t\t\t\t\t\t\t\t\t<p><span style=\"text-decoration: underline;\"><a href=\"\/\">Torna alla home page<\/a><\/span><\/p><h2>PRIVACY &amp; COOKIE POLICY<\/h2><p>Benvenuti nel sito web www.risoflora.it di Curti S.r.l. a socio unico (di seguito \u201cSito\u201d).<\/p><p>Con la presente Privacy &amp; Cookie Policy, Curti S.r.l. a socio unico, quale titolare del trattamento, intende fornirle le informazioni relative al trattamento dei dati personali raccolti automaticamente o che lei stesso ci conferisce volontariamente, accedendo e navigando il Sito, utilizzando i servizi ivi previsti, nonch\u00e9 al funzionamento dei cookie installati o comunque presenti. L\u2019obiettivo di Curti S.r.l. a socio unico \u00e8, infatti, quello di garantire in qualsiasi momento la tutela dei suoi dati personali.<\/p><p>All\u2019interno del Sito potrebbero inoltre essere presenti link ipertestuali a siti web, pagine o servizi on-line di soggetti terzi. Cliccando su tali link, lei potr\u00e0 accedere a contenuti multimediali che, essendo di esclusiva pertinenza dei predetti soggetti, esulano dal controllo di Curti S.r.l. a socio unico e non soggiacciono in alcun modo a quanto indicato nella presente Policy. Curti S.r.l. a socio unico la invita, quindi, a prestare attenzione nell\u2019aderire a servizi offerti da terzi soggetti, a leggere attentamente le informative sul trattamento dei dati che vengono fornite dai predetti soggetti, in relazione alle quali Curti S.r.l. a socio unico non pu\u00f2 svolgere alcun controllo, n\u00e9 essere ritenuta responsabile.<\/p><p>*** *** ***<\/p><ol><li><strong><u>Titolare del trattamento <\/u><\/strong><\/li><\/ol><p>Titolare del trattamento \u00e8 Curti S.r.l. a socio unico (C.F. e P. IVA 01577610189), con sede legale in Valle Lomellina (PV), Via Stazione n. 113 (di seguito \u201cSociet\u00e0\u201d).<\/p><ol start=\"2\"><li><strong><u>Responsabile della protezione dei dati personali<\/u><\/strong><\/li><\/ol><p>La Societ\u00e0, ritenendo di primaria importanza la tutela dei suoi dati personali, ha nominato un Responsabile della Protezione dei Dati (di seguito \u201cDPO\u201d) che pu\u00f2 essere contattato scrivendo all\u2019indirizzo di posta elettronica dpo@curtiriso.it per ogni tematica riguardante la protezione dei dati personali.<\/p><ol start=\"3\"><li><strong><u>Tipologia di dati personali trattati<\/u><\/strong><\/li><\/ol><p>Per dato personale si intende qualsiasi informazione che riguarda l\u2019utente ed \u00e8 a esso riferibile.<\/p><p>Nello specifico il trattamento riguarder\u00e0:<\/p><ul><li><strong><u>Dati personali inerenti la navigazione<\/u><\/strong><\/li><\/ul><p>In caso di navigazione del Sito, la Societ\u00e0 raccoglie dati di navigazione mediante i cookie o altre tecnologie di tracciamento per ricavare &#8211; in forma anonima e aggregata &#8211; informazioni circa le visite ed elaborare analisi statistiche.<\/p><p>Per maggiori informazioni sulle tecnologie utilizzate per la raccolta di tali dati, la Societ\u00e0 la invita a prendere visione di quanto previsto nel successivo punto 5) sui Cookie.<\/p><ul><li><strong><u>Dati forniti volontariamente dall\u2019utente <\/u><\/strong><\/li><\/ul><p>All\u2019interno del Sito non sono previste specifiche aree e sezioni in cui lei possa fornire volontariamente i suoi dati personali.<\/p><p>In ogni caso, l\u2019invio facoltativo e volontario di messaggi di posta elettronica agli indirizzi indicati su questo Sito comporta l\u2019acquisizione del suo indirizzo di posta elettronica del mittente, nonch\u00e9 di eventuali ulteriori dati personali da lei volontariamente indicati nel massaggio. Detti dati sono utilizzati al solo fine di riscontrarla e non sono in alcun modo diffusi.<\/p><ol start=\"4\"><li><strong><u>Finalit\u00e0 del trattamento, basi giuridiche e natura del conferimento dei Dati<\/u><\/strong><\/li><\/ol><p>Nell\u2019ambito della consultazione del Sito e della fruizione dei servizi ivi previsti, i suoi Dati sono trattati per le seguenti finalit\u00e0:<\/p><ol><li>consentirle la navigazione del Sito, nonch\u00e9 controllarne il corretto funzionamento e accertare la responsabilit\u00e0 in ipotesi di reati informatici (di seguito \u201c<strong>Navigazione del Sito<\/strong>\u201d). La base giuridica \u00e8 ravvisabile nel legittimo interesse della Societ\u00e0 (art. 6.1 f) Regolamento);<\/li><li>riscontrare ed evadere le richieste da lei inoltrate (di seguito \u201c<strong>Contatti<\/strong>\u201d). La base giuridica \u00e8 ravvisabile nell\u2019esecuzione di misure precontrattuali adottate su sua richiesta (art. 6.1 b) Regolamento);<\/li><li>esercizio e difesa dei diritti della Societ\u00e0 in ogni sede anche giudiziaria, amministrativa, nelle procedure arbitrali e\/o di mediazione e conciliazione (di seguito \u201c<strong>Difesa<\/strong>\u201d). La base giuridica \u00e8 ravvisabile nel legittimo interesse della Societ\u00e0 (art. 6.1 f) Regolamento).<\/li><\/ol><p>Fatta eccezione per i dati di navigazione (raccolti automaticamente), il conferimento dei Dati ha natura necessaria per il perseguimento della finalit\u00e0 di cui alla precedente lettera b). Pertanto, il mancato conferimento dei Dati comporta l\u2019impossibilit\u00e0 per la Societ\u00e0 di adempiere a quanto da lei richiesto, senza comunque pregiudicare il perseguimento della finalit\u00e0 di cui alla precedente lettera a), l\u2019utilizzo del Sito e il diritto di difesa.<\/p><ol start=\"5\"><li><strong><u>Cookie <\/u><\/strong><\/li><\/ol><ul><li><strong><em><u>Cosa sono i cookie?<\/u><\/em><\/strong><\/li><\/ul><p>I cookie sono stringhe di testo di piccole dimensioni che i siti visitati dall\u2019utente inviano al suo terminale (solitamente al browser), ove vengono memorizzati, per essere poi ritrasmessi agli stessi siti alla successiva visita del medesimo utente.<\/p><p>I cookie possono essere installati dal sito visitato dall\u2019utente (<strong>cookie di prima parte<\/strong>) o da altri siti (<strong>cookie di terze parti<\/strong>). Questo accade perch\u00e9 nel sito visitato dall\u2019utente possono essere presenti elementi (immagini, mappe, suoni, link a pagine web di altri domini, ecc.) che risiedono su server diversi da quello del sito visitato. In base alla finalit\u00e0, i cookie si distinguono in due grandi macrocategorie: i <strong>cookie tecnici<\/strong> e i <strong>cookie di profilazione.<\/strong><\/p><p>I <strong>cookie tecnici<\/strong> sono quelli utilizzati al solo fine di effettuare la trasmissione di una comunicazione su una rete di comunicazione elettronica, o nella misura strettamente necessaria al fornitore di un servizio della societ\u00e0 dell&#8217;informazione esplicitamente richiesto dall&#8217;abbonato o dall&#8217;utente a erogare tale servizio. Questi non vengono utilizzati per scopi ulteriori e sono normalmente installati direttamente dal sito visitato dall\u2019utente. In particolare, tali cookie possono consentire la normale navigazione e fruizione del sito e la navigazione in funzione di una serie di criteri selezionati al fine di migliorare il servizio reso.<\/p><p>Per l\u2019installazione di tali cookie <strong>non \u00e8 richiesto il preventivo consenso dell\u2019utente<\/strong>.<\/p><p>Ai cookie tecnici sono, poi, assimilati i <strong>cookie analitici<\/strong>, laddove questi siano utilizzati direttamente dal gestore del sito per raccogliere informazioni aggregate sul numero degli utenti e su come questi visitano il sito stesso. Tali cookie consentono al gestore del sito di capire come gli utenti interagiscono con i contenuti del sito al fine di ottimizzare i servizi.<\/p><p>I <strong>cookie di profilazione<\/strong> sono, invece, volti a creare profili relativi all\u2019utente e vengono utilizzati per inviare messaggi pubblicitari in linea con le preferenze manifestate dallo stesso durante la navigazione. Per l\u2019installazione di tale tipologia di cookie <strong>\u00e8 richiesto il preventivo consenso dell\u2019utente<\/strong>.<\/p><p>In base alla loro durata, infine, i cookie si distinguono in <strong>persistenti<\/strong>, che rimangono memorizzati sul dispositivo dell\u2019utente fino alla loro scadenza, fatta salva la rimozione da parte dell\u2019utente o <strong>di sessione<\/strong>, che svaniscono con la chiusura del browser e hanno, quindi, durata limitata.<\/p><ul><li><strong><u>Tipologia dei cookie presenti sul Sito <\/u><\/strong><\/li><\/ul><p>Il Sito utilizza <strong>cookie analitici<\/strong> di<strong> prima parte<\/strong> per raccogliere informazioni sull\u2019utilizzo del Sito e per elaborare analisi statistiche. Il Sito utilizza il servizio fornito da Aut O\u2019Mattic A8C Ireland Ltd., che non consente la sua identificazione; infatti, i dati raccolti sono trattati in forma completamente aggregata e anonimizzata.<\/p><p>Per l\u2019installazione di tali cookie non \u00e8 necessaria l\u2019espressione del consenso da parte sua. Le caratteristiche dei predetti cookie sono meglio descritte nella tabella riportata di seguito.<\/p><table width=\"643\"><tbody><tr><td width=\"89\"><p><strong>Nome del cookie<\/strong><\/p><\/td><td width=\"89\"><p><strong>Tipologia di cookie<\/strong><\/p><\/td><td width=\"144\"><p><strong>Finalit\u00e0<\/strong><\/p><\/td><td width=\"96\"><p><strong>Periodo di conservazione<\/strong><\/p><\/td><td width=\"225\"><p><strong>Ulteriori informazioni e link alle informative <\/strong><\/p><\/td><\/tr><tr><td width=\"89\"><p>ajs_anonymous_id<\/p><\/td><td width=\"89\"><p>Cookie analitico di prima parte<\/p><\/td><td width=\"144\"><p>elaborare analisi statistiche<\/p><\/td><td width=\"96\"><p>1 anno<\/p><\/td><td width=\"225\">\u00a0<\/td><\/tr><\/tbody><\/table><p>Sul Sito sono, inoltre, presenti pulsanti di condivisione per permettere la condivisione dei contenuti attraverso i social network (Facebook e Instagram) che potrebbero raccogliere cookie di terze parti installati dagli stessi. Il Sito non condivide nessuna informazione con tali widget. Per ulteriori informazioni si rimanda alle rispettive normative: Privacy Facebook &#8211; Privacy Instagram.<\/p><p>Infine, questo Sito potrebbe contenere link o riferimenti per l\u2019accesso ad altri siti web. La Societ\u00e0 non ha il potere di controllare i cookie e\/o le tecnologie di monitoraggio di altri siti web, ai quali la presente informativa non si applica.<\/p><ul><li><strong><u>Gestione delle preferenze sui cookie e natura del conferimento <\/u><\/strong><\/li><\/ul><p>Al momento del primo accesso a qualunque pagina del Sito, i cookie indicati al precedente punto verranno automaticamente installati non essendo necessaria l\u2019espressione del consenso da parte dell\u2019utente. In ogni caso, \u00e8 sempre consentito all\u2019utente di:<\/p><ol><li>accedere alle informazioni relative ai cookie utilizzati dal Sito, cliccando il link \u201cPrivacy &amp; Cookie Policy\u201d situato in calce a ciascuna pagina;<\/li><li>disattivare, attivare o cancellare i cookie attraverso l\u2019utilizzo delle impostazioni del proprio browser di navigazione, con le modalit\u00e0 meglio descritte al successivo punto.<\/li><\/ol><ul><li><strong><u>Modalit\u00e0<\/u><u> d<\/u><u>i<\/u><u> modifica delle impostazioni browser dei cookie <\/u><\/strong><\/li><\/ul><p>In qualsiasi momento l\u2019utente pu\u00f2 disattivare, attivare o cancellare i cookie anche attraverso l\u2019utilizzo delle impostazioni del proprio browser di navigazione. Ci\u00f2 posto, di seguito sono riportate le modalit\u00e0 offerte dai principali browser:<\/p><ul><li>Chrome:\u00a0<a href=\"https:\/\/support.google.com\/chrome\/answer\/95647?hl=en\">https:\/\/support.google.com\/chrome\/answer\/95647?hl=en<\/a><\/li><li>Firefox: <a href=\"https:\/\/support.mozilla.org\/it\/kb\/Attivare%252520e%252520disattivare%252520i%252520cookie\">https:\/\/support.mozilla.org\/it\/kb\/Attivare%20e%20disattivare%20i%20cookie<\/a><\/li><li>ME: <a href=\"https:\/\/support.microsoft.com\/en-us\/products\/windows?os=windows-10\">https:\/\/support.microsoft.com\/en-us\/products\/windows?os=windows-10<\/a><\/li><li>Opera: \u00a0<a href=\"http:\/\/help.opera.com\/Windows\/10.00\/it\/cookies.html\">http:\/\/help.opera.com\/Windows\/10.00\/it\/cookies.html<\/a><\/li><li>Safari: <a href=\"https:\/\/support.apple.com\/it-it\/HT201265\">https:\/\/support.apple.com\/it-it\/HT201265<\/a><\/li><\/ul><p>Si segnala che all\u2019esito di tale operazione alcune funzioni del Sito potrebbero non essere eseguite correttamente e potrebbero non funzionare in maniera ottimale.<\/p><p>L\u2019utente pu\u00f2, inoltre, gestire le relative preferenze in materia di cookie anche mediante il link <a href=\"http:\/\/www.youronlinechoices.com\">http:\/\/www.youronlinechoices.com<\/a>.<\/p><ol start=\"6\"><li><strong><u>Modalit\u00e0 del trattamento<\/u><\/strong><\/li><\/ol><p>Nell\u2019ambito delle finalit\u00e0 indicate al precedente punto 4), il trattamento dei suoi Dati avverr\u00e0 prevalentemente con mezzi elettronici e automatizzati, nonch\u00e9 in forma cartacea, nel rispetto delle disposizioni normative in materia di trattamento dei dati personali, adottando le misure di sicurezza adeguate. Il trattamento dei suoi Dati \u00e8 gestito da personale interno alla Societ\u00e0 (ad esempio il personale amministrativo e quello commerciale) appositamente autorizzato, formato e istruito per garantirne l\u2019adeguata sicurezza e riservatezza, nonch\u00e9 per evitare rischi di perdita e\/o distruzione e accessi da parte di soggetti non autorizzati.<\/p><ol start=\"7\"><li><strong><u>Comunicazione e diffusione dei Dati<\/u><\/strong><\/li><\/ol><p>I suoi Dati non saranno oggetto di diffusione. Nei limiti strettamente pertinenti alle finalit\u00e0 indicate al precedente punto 4), i suoi Dati possono essere comunicati a:<\/p><ul><li>soggetti legittimati ai sensi di legge o di regolamento, quali a titolo esemplificativo e non esaustivo l\u2019Autorit\u00e0 Pubblica e quella Giudiziaria;<\/li><li>soggetti che, in qualit\u00e0 di titolari autonomi o di responsabili del trattamento ai sensi dell\u2019art. 28 del Regolamento, sono coinvolti nel trattamento dei Dati (quali a titolo esemplificativo e non esaustivo, la societ\u00e0 addetta alla gestione e manutenzione dei sistemi informatici e del Sito).<\/li><\/ul><p>L\u2019elenco nominativo aggiornato dei responsabili del trattamento pu\u00f2 essere richiesto alla Societ\u00e0, inviando una comunicazione a mezzo posta elettronica all\u2019indirizzo infoedatabreach@curtiriso.it.<\/p><ol start=\"8\"><li><strong><u>Periodo di conservazione dei Dati<\/u><\/strong><\/li><\/ol><p>La Societ\u00e0 conserva i Dati per il periodo di tempo di tempo strettamente necessario al raggiungimento delle finalit\u00e0 per cui detti dati sono stati raccolti. Fatto salvo quanto espressamente previsto al precedente punto 5), i Dati per la finalit\u00e0 di <strong>Contatti<\/strong>, saranno conservati per il periodo necessario all\u2019evasione della richiesta. Fermo, comunque, restando il diritto di revoca del consenso per quei trattamenti che trovano fondamento in tale base giuridica, il diritto di opposizione al trattamento, nonch\u00e9 l\u2019adempimento di specifici obblighi di conservazioni previsti dalla legge e l\u2019esercizio del diritto di difesa in caso di controversia.<\/p><ol start=\"9\"><li><strong><u>Diritti dell\u2019interessato<\/u><\/strong><\/li><\/ol><p>Con riferimento ai Dati, \u00e8 previsto il diritto di chiedere a la Societ\u00e0 con le modalit\u00e0 indicate dal Regolamento e ferme restando le disposizioni e limitazioni di cui al D. Lgs. n. 196\/2003 (Parte I &#8211; Titolo I &#8211; Capo III):<\/p><ul><li>l\u2019accesso, nei casi previsti, ossia la possibilit\u00e0 di ottenere la conferma che sia o meno in corso un trattamento e di acquisire informazioni in merito a: finalit\u00e0, categorie di Dati in questione, destinatari dei dati, in particolare se presso paesi terzi, il periodo di conservazione ove possibile; le modalit\u00e0 del loro trattamento (art. 15 Regolamento);<\/li><li>la rettifica dei Dati inesatti e l\u2019integrazione di quelli incompleti (art. 16 Regolamento);<\/li><li>la cancellazione dei Dati per i motivi previsti (art. 17 Regolamento), come ad esempio quando non siano pi\u00f9 necessari rispetto alle finalit\u00e0 sopra indicate o non siano trattati nel rispetto del Regolamento;<\/li><li>la limitazione di trattamento per le ipotesi previste (art. 18 Regolamento), come nel caso si contesti l\u2019esattezza dei Dati e occorra verificarne la correttezza;<\/li><li>la portabilit\u00e0, vale a dire il diritto di ricevere, nei casi previsti (art. 20 Regolamento), in un formato strutturato di uso comune e leggibile da dispositivo automatico i Dati e di trasmettere detti Dati ad un altro titolare del trattamento;<\/li><li>l\u2019opposizione al trattamento, in presenza di giustificati motivi o nel caso in cui gli stessi siano utilizzati per l\u2019invio di materiale pubblicitario, per direct marketing o per il compimento di indagini di mercato (art. 21 Regolamento);<\/li><li>a non essere sottoposto ad una decisione basata unicamente sul trattamento automatizzato, compresa la profilazione, che produca effetti giuridici che la riguardano o che incida in modo analogo, significativamente sulla sua persona salvo si basi sul consenso esplicito o sia autorizzato dal diritto dell\u2019Unione Europea o sia necessaria per la conclusione o l\u2019esecuzione di un contratto.<\/li><\/ul><p>In caso di trattamento fondato sul consenso, \u00e8 riconosciuto altres\u00ec il diritto di revocarlo in qualsiasi momento senza pregiudicare la liceit\u00e0 del trattamento effettuato prima della revoca.<\/p><p>Tutti i diritti sopra elencati possono da Lei essere esercitati inviando alla Societ\u00e0 una comunicazione a mezzo posta elettronica all\u2019indirizzo infoedatabreach@curtiriso.it o a mezzo lettera raccomandata all\u2019indirizzo della Societ\u00e0: Valle Lomellina (PV), Via Stazione n. 113.<\/p><ol start=\"10\"><li><strong><u>Reclamo<\/u><\/strong><\/li><\/ol><p>Nel caso l\u2019utente ritenga che il trattamento dei Dati violi le disposizioni contenute nel Regolamento, \u00e8 riconosciuto il diritto di proporre reclamo al Garante per la protezione dei dati personali, secondo quanto previsto dall\u2019art. 77 del Regolamento stesso.<\/p><ol start=\"11\"><li><strong><u>Trasferimento dei Dati all\u2019estero<\/u><\/strong><\/li><\/ol><p>I Suoi dati sono conservati su server ubicati nell\u2019Unione Europea. In caso di trasferimento di dati all\u2019estero, la Societ\u00e0 si impegna ad assicurare che il trasferimento dei Dati in detti paesi avvenga nel rispetto di quanto previsto dal Regolamento e, nello specifico, in presenza di adeguate garanzie (decisioni di adeguatezza, clausole contrattuali standard approvate dalla Commissione europea, ecc.).<\/p><ol start=\"12\"><li><strong><u>Nel caso in cui abbia un\u2019et\u00e0 inferiore a 18 anni<\/u><\/strong><\/li><\/ol><p>Il Sito \u00e8 riferito a un&#8217;audience generalista e non sono rivolti ai minori. La Societ\u00e0 non raccoglie consapevolmente Dati di utenti che in base alle leggi del loro Paese sono considerati minori.<\/p><ol start=\"13\"><li><strong><u>Modifiche alla presente Policy<\/u><\/strong><\/li><\/ol><p>La presente Privacy Policy \u00e8 soggetta a modifiche periodiche mirate a garantire una sempre maggiore tutela dei suoi Dati. Quando accede al Sito, le consigliamo, quindi, di controllare periodicamente il testo della presente policy.<\/p><p style=\"text-align: right;\">\u00a0\u00a0\u00a0\u00a0\u00a0\u00a0\u00a0\u00a0\u00a0\u00a0\u00a0\u00a0\u00a0\u00a0\u00a0\u00a0\u00a0\u00a0\u00a0\u00a0\u00a0\u00a0\u00a0\u00a0\u00a0\u00a0\u00a0\u00a0\u00a0\u00a0\u00a0\u00a0\u00a0\u00a0 <strong>\u00a0 \u00a0 \u00a0 \u00a0 \u00a0 \u00a0 \u00a0 \u00a0 \u00a0 \u00a0 \u00a0 \u00a0 \u00a0 Curti Riso S.r.l. a socio unico<\/strong><\/p>\t\t\t\t\t\t\t\t<\/div>\n\t\t\t\t<\/div>\n\t\t\t\t\t<\/div>\n\t\t<\/div>\n\t\t\t\t\t<\/div>\n\t\t<\/section>\n\t\t\t\t<\/div>\n\t\t","protected":false},"excerpt":{"rendered":"<p>Torna alla home page PRIVACY &amp; COOKIE POLICY Benvenuti nel sito web www.risoflora.it di Curti S.r.l. a socio unico (di seguito \u201cSito\u201d). Con la presente Privacy &amp; Cookie Policy, Curti S.r.l. a socio unico, quale titolare del trattamento, intende fornirle le informazioni relative al trattamento dei dati personali raccolti automaticamente o che lei stesso ci [&hellip;]<\/p>\n","protected":false},"author":1,"featured_media":0,"parent":0,"menu_order":0,"comment_status":"closed","ping_status":"closed","template":"elementor_canvas","meta":{"_acf_changed":false,"_seopress_robots_primary_cat":"","_seopress_titles_title":"","_seopress_titles_desc":"","_seopress_robots_index":"","footnotes":""},"class_list":["post-10297","page","type-page","status-publish","hentry"],"acf":[],"_links":{"self":[{"href":"https:\/\/www.risoflora.it\/en\/wp-json\/wp\/v2\/pages\/10297","targetHints":{"allow":["GET"]}}],"collection":[{"href":"https:\/\/www.risoflora.it\/en\/wp-json\/wp\/v2\/pages"}],"about":[{"href":"https:\/\/www.risoflora.it\/en\/wp-json\/wp\/v2\/types\/page"}],"author":[{"embeddable":true,"href":"https:\/\/www.risoflora.it\/en\/wp-json\/wp\/v2\/users\/1"}],"replies":[{"embeddable":true,"href":"https:\/\/www.risoflora.it\/en\/wp-json\/wp\/v2\/comments?post=10297"}],"version-history":[{"count":0,"href":"https:\/\/www.risoflora.it\/en\/wp-json\/wp\/v2\/pages\/10297\/revisions"}],"wp:attachment":[{"href":"https:\/\/www.risoflora.it\/en\/wp-json\/wp\/v2\/media?parent=10297"}],"curies":[{"name":"wp","href":"https:\/\/api.w.org\/{rel}","templated":true}]}}