{"id":10307,"date":"2023-02-21T18:05:06","date_gmt":"2023-02-21T18:05:06","guid":{"rendered":"https:\/\/www.risoflora.it\/slider\/"},"modified":"2023-02-21T18:05:06","modified_gmt":"2023-02-21T18:05:06","slug":"slider","status":"publish","type":"page","link":"https:\/\/www.risoflora.it\/en\/slider\/","title":{"rendered":"Slider"},"content":{"rendered":"\t\t<div data-elementor-type=\"wp-page\" data-elementor-id=\"10307\" class=\"elementor elementor-10307 elementor-8672\" data-elementor-post-type=\"page\">\n\t\t\t\t\t\t<section data-particle_enable=\"false\" data-particle-mobile-disabled=\"false\" class=\"elementor-section elementor-top-section elementor-element elementor-element-8f00c3b elementor-section-boxed elementor-section-height-default elementor-section-height-default\" data-id=\"8f00c3b\" data-element_type=\"section\" data-settings=\"{&quot;jet_parallax_layout_list&quot;:[]}\">\n\t\t\t\t\t\t<div class=\"elementor-container elementor-column-gap-default\">\n\t\t\t\t\t<div class=\"elementor-column elementor-col-100 elementor-top-column elementor-element elementor-element-8b6e7dd\" data-id=\"8b6e7dd\" data-element_type=\"column\">\n\t\t\t<div class=\"elementor-widget-wrap elementor-element-populated\">\n\t\t\t\t\t\t<div class=\"elementor-element elementor-element-4779e2e elementor-widget elementor-widget-jet-slider\" data-id=\"4779e2e\" data-element_type=\"widget\" data-settings=\"{&quot;slider_height&quot;:{&quot;unit&quot;:&quot;px&quot;,&quot;size&quot;:550,&quot;sizes&quot;:[]},&quot;slider_height_tablet&quot;:{&quot;unit&quot;:&quot;px&quot;,&quot;size&quot;:&quot;&quot;,&quot;sizes&quot;:[]},&quot;slider_height_mobile&quot;:{&quot;unit&quot;:&quot;px&quot;,&quot;size&quot;:&quot;&quot;,&quot;sizes&quot;:[]}}\" data-widget_type=\"jet-slider.default\">\n\t\t\t\t<div class=\"elementor-widget-container\">\n\t\t\t\t\t<div class=\"elementor-jet-slider jet-elements\">\n<div class=\"jet-slider jet-slider__image-exact\" data-settings='{&quot;sliderWidth&quot;:{&quot;unit&quot;:&quot;%&quot;,&quot;size&quot;:100,&quot;sizes&quot;:[]},&quot;sliderHeight&quot;:{&quot;unit&quot;:&quot;px&quot;,&quot;size&quot;:550,&quot;sizes&quot;:[]},&quot;sliderNavigation&quot;:false,&quot;sliderNavigationIcon&quot;:&quot;jet-slider__arrow-icon-4779e2e&quot;,&quot;sliderNaviOnHover&quot;:false,&quot;sliderPagination&quot;:false,&quot;sliderAutoplay&quot;:true,&quot;sliderAutoplayDelay&quot;:5000,&quot;sliderAutoplayOnHover&quot;:&quot;pause&quot;,&quot;sliderFullScreen&quot;:false,&quot;sliderFullscreenIcon&quot;:&quot;jet-slider__fullscreen-icon-4779e2e&quot;,&quot;sliderShuffle&quot;:false,&quot;sliderLoop&quot;:false,&quot;sliderFadeMode&quot;:true,&quot;slideDistance&quot;:{&quot;unit&quot;:&quot;px&quot;,&quot;size&quot;:10,&quot;sizes&quot;:[]},&quot;slideDuration&quot;:1000,&quot;imageScaleMode&quot;:&quot;exact&quot;,&quot;thumbnails&quot;:false,&quot;thumbnailWidth&quot;:120,&quot;thumbnailHeight&quot;:80,&quot;rightToLeft&quot;:false,&quot;touchswipe&quot;:true,&quot;fractionPag&quot;:false,&quot;fractionPrefix&quot;:&quot;&quot;,&quot;fractionSeparator&quot;:&quot;\\\/&quot;,&quot;fractionSuffix&quot;:&quot;&quot;,&quot;autoSliderHeight&quot;:false}'>\n\t\n<div  class=\"slider-pro\">\n\t<div class=\"jet-slider__arrow-icon-4779e2e hidden-html\"><\/div><div class=\"jet-slider__fullscreen-icon-4779e2e hidden-html\"><\/div>\t<div class=\"jet-slider__items sp-slides\">\n\n\n<div  class=\"jet-slider__item sp-slide elementor-repeater-item-c54728e\"><div class=\"jet-slider__content sp-layer \" data-position=\"centerCenter\" data-width=\"100%\" data-height=\"100%\" data-horizontal=\"0%\" data-show-transition=\"none\" data-show-duration=\"400\" data-show-delay=\"400\" >\n\t\t<div class=\"jet-slider__content-item\">\n\t\t\t<div class=\"jet-slider__content-inner\">\t\t<div data-elementor-type=\"section\" data-elementor-id=\"8680\" class=\"elementor elementor-8680\" data-elementor-post-type=\"elementor_library\">\n\t\t\t\t\t<section data-particle_enable=\"false\" data-particle-mobile-disabled=\"false\" class=\"elementor-section elementor-top-section elementor-element elementor-element-85b52e3 elementor-section-boxed elementor-section-height-default elementor-section-height-default\" data-id=\"85b52e3\" data-element_type=\"section\" data-settings=\"{&quot;jet_parallax_layout_list&quot;:[],&quot;background_background&quot;:&quot;classic&quot;}\">\n\t\t\t\t\t\t<div class=\"elementor-container elementor-column-gap-no\">\n\t\t\t\t\t<div class=\"elementor-column elementor-col-100 elementor-top-column elementor-element elementor-element-73ccb18\" data-id=\"73ccb18\" data-element_type=\"column\" data-settings=\"{&quot;background_background&quot;:&quot;classic&quot;}\">\n\t\t\t<div class=\"elementor-widget-wrap elementor-element-populated\">\n\t\t\t\t\t\t<section data-particle_enable=\"false\" data-particle-mobile-disabled=\"false\" class=\"elementor-section elementor-inner-section elementor-element elementor-element-d917079 elementor-section-height-min-height elementor-section-content-middle elementor-section-boxed elementor-section-height-default\" data-id=\"d917079\" data-element_type=\"section\" data-settings=\"{&quot;jet_parallax_layout_list&quot;:[],&quot;background_background&quot;:&quot;classic&quot;}\">\n\t\t\t\t\t\t<div class=\"elementor-container elementor-column-gap-default\">\n\t\t\t\t\t<div class=\"elementor-column elementor-col-50 elementor-inner-column elementor-element elementor-element-684bd7a\" data-id=\"684bd7a\" data-element_type=\"column\" data-settings=\"{&quot;background_background&quot;:&quot;classic&quot;}\">\n\t\t\t<div class=\"elementor-widget-wrap elementor-element-populated\">\n\t\t\t\t\t\t<div class=\"elementor-element elementor-element-13aef0e elementor-widget elementor-widget-heading\" data-id=\"13aef0e\" data-element_type=\"widget\" data-widget_type=\"heading.default\">\n\t\t\t\t<div class=\"elementor-widget-container\">\n\t\t\t\t\t<h1 class=\"elementor-heading-title elementor-size-default\">Una croccante<br>\nnovit\u00e0<\/h1>\t\t\t\t<\/div>\n\t\t\t\t<\/div>\n\t\t\t\t<div class=\"elementor-element elementor-element-7e7f196 elementor-widget elementor-widget-heading\" data-id=\"7e7f196\" data-element_type=\"widget\" data-widget_type=\"heading.default\">\n\t\t\t\t<div class=\"elementor-widget-container\">\n\t\t\t\t\t<h2 class=\"elementor-heading-title elementor-size-default\">Le nuove Gallette di Riso<br>\nClassiche Flora si adattano <br>\nad accompagnare i pi\u00f9 svariati <br>\ningredienti, sia dolci, sia salati.<\/h2>\t\t\t\t<\/div>\n\t\t\t\t<\/div>\n\t\t\t\t<div class=\"elementor-element elementor-element-8ec5ec3 elementor-align-center elementor-widget elementor-widget-button\" data-id=\"8ec5ec3\" data-element_type=\"widget\" data-widget_type=\"button.default\">\n\t\t\t\t<div class=\"elementor-widget-container\">\n\t\t\t\t\t\t\t\t\t<div class=\"elementor-button-wrapper\">\n\t\t\t\t\t<a class=\"elementor-button elementor-button-link elementor-size-sm\" href=\"#\">\n\t\t\t\t\t\t<span class=\"elementor-button-content-wrapper\">\n\t\t\t\t\t\t<span class=\"elementor-button-icon\">\n\t\t\t\t<svg xmlns=\"http:\/\/www.w3.org\/2000\/svg\" xmlns:xlink=\"http:\/\/www.w3.org\/1999\/xlink\" id=\"Livello_1\" x=\"0px\" y=\"0px\" viewBox=\"0 0 51 51\" xml:space=\"preserve\"><path d=\"M25.5,47.8c-3.1,0-6-0.6-8.7-1.7s-5.1-2.8-7.1-4.8c-2-2-3.6-4.4-4.8-7.1s-1.7-5.6-1.7-8.7s0.6-6,1.7-8.7s2.8-5.1,4.8-7.1 c2-2,4.4-3.6,7.1-4.8c2.7-1.2,5.6-1.7,8.7-1.7s6,0.6,8.7,1.7c2.7,1.2,5.1,2.8,7.1,4.8c2,2,3.6,4.4,4.8,7.1c1.2,2.7,1.7,5.6,1.7,8.7 s-0.6,6-1.7,8.7c-1.2,2.7-2.8,5.1-4.8,7.1c-2,2-4.4,3.6-7.1,4.8S28.6,47.8,25.5,47.8z M25.5,0c-3.5,0-6.8,0.7-9.9,2 c-3.1,1.3-5.8,3.1-8.1,5.5c-2.3,2.3-4.1,5-5.5,8.1c-1.3,3.1-2,6.4-2,9.9s0.7,6.8,2,9.9c1.3,3.1,3.1,5.8,5.5,8.1s5,4.1,8.1,5.5 c3.1,1.3,6.4,2,9.9,2s6.8-0.7,9.9-2c3.1-1.3,5.8-3.1,8.1-5.5c2.3-2.3,4.1-5,5.5-8.1c1.3-3.1,2-6.4,2-9.9s-0.7-6.8-2-9.9 c-1.3-3.1-3.1-5.8-5.5-8.1c-2.3-2.3-5-4.1-8.1-5.5C32.3,0.7,29,0,25.5,0z M35.9,24.1l-9-9c-0.3-0.3-0.7-0.5-1.1-0.5 c-0.4,0-0.8,0.2-1.1,0.5c-0.3,0.3-0.5,0.7-0.5,1.1c0,0.4,0.2,0.8,0.5,1.1l6.6,6.6H14.3c-0.4,0-0.8,0.2-1.1,0.5 c-0.3,0.3-0.5,0.7-0.5,1.1s0.2,0.8,0.5,1.1c0.3,0.3,0.7,0.5,1.1,0.5h16.9l-6.6,6.6c-0.3,0.3-0.5,0.7-0.5,1.1c0,0.4,0.2,0.8,0.5,1.1 c0.3,0.3,0.7,0.5,1.1,0.5c0.4,0,0.8-0.2,1.1-0.5l9-9c0.2-0.2,0.3-0.4,0.4-0.7c0.1-0.2,0.1-0.5,0-0.7c0.1-0.2,0.1-0.5,0-0.7 C36.2,24.5,36.1,24.3,35.9,24.1z\"><\/path><\/svg>\t\t\t<\/span>\n\t\t\t\t\t\t\t\t\t<span class=\"elementor-button-text\">Scopri di pi\u00f9<\/span>\n\t\t\t\t\t<\/span>\n\t\t\t\t\t<\/a>\n\t\t\t\t<\/div>\n\t\t\t\t\t\t\t\t<\/div>\n\t\t\t\t<\/div>\n\t\t\t\t\t<\/div>\n\t\t<\/div>\n\t\t\t\t<div class=\"elementor-column elementor-col-50 elementor-inner-column elementor-element elementor-element-4b7a579\" data-id=\"4b7a579\" data-element_type=\"column\">\n\t\t\t<div class=\"elementor-widget-wrap\">\n\t\t\t\t\t\t\t<\/div>\n\t\t<\/div>\n\t\t\t\t\t<\/div>\n\t\t<\/section>\n\t\t\t\t\t<\/div>\n\t\t<\/div>\n\t\t\t\t\t<\/div>\n\t\t<\/section>\n\t\t\t\t<\/div>\n\t\t<\/div>\n\t\t<\/div>\n\t\t\t<\/div>\n<\/div>\n\n<\/div>\n<\/div>\n<\/div>\n<\/div>\t\t\t\t<\/div>\n\t\t\t\t<\/div>\n\t\t\t\t\t<\/div>\n\t\t<\/div>\n\t\t\t\t\t<\/div>\n\t\t<\/section>\n\t\t\t\t<\/div>\n\t\t","protected":false},"excerpt":{"rendered":"<p>Una croccante novit\u00e0 Le nuove Gallette di Riso Classiche Flora si adattano ad accompagnare i pi\u00f9 svariati ingredienti, sia dolci, sia salati. Scopri di pi\u00f9<\/p>\n","protected":false},"author":1,"featured_media":0,"parent":0,"menu_order":0,"comment_status":"closed","ping_status":"closed","template":"","meta":{"_acf_changed":false,"_seopress_robots_primary_cat":"","_seopress_titles_title":"","_seopress_titles_desc":"","_seopress_robots_index":"yes","footnotes":""},"class_list":["post-10307","page","type-page","status-publish","hentry"],"acf":[],"_links":{"self":[{"href":"https:\/\/www.risoflora.it\/en\/wp-json\/wp\/v2\/pages\/10307","targetHints":{"allow":["GET"]}}],"collection":[{"href":"https:\/\/www.risoflora.it\/en\/wp-json\/wp\/v2\/pages"}],"about":[{"href":"https:\/\/www.risoflora.it\/en\/wp-json\/wp\/v2\/types\/page"}],"author":[{"embeddable":true,"href":"https:\/\/www.risoflora.it\/en\/wp-json\/wp\/v2\/users\/1"}],"replies":[{"embeddable":true,"href":"https:\/\/www.risoflora.it\/en\/wp-json\/wp\/v2\/comments?post=10307"}],"version-history":[{"count":0,"href":"https:\/\/www.risoflora.it\/en\/wp-json\/wp\/v2\/pages\/10307\/revisions"}],"wp:attachment":[{"href":"https:\/\/www.risoflora.it\/en\/wp-json\/wp\/v2\/media?parent=10307"}],"curies":[{"name":"wp","href":"https:\/\/api.w.org\/{rel}","templated":true}]}}